{"id":1370,"date":"2020-01-02T09:28:08","date_gmt":"2020-01-02T09:28:08","guid":{"rendered":"http:\/\/wpdemo.archiwp.com\/engitech\/?page_id=1370"},"modified":"2025-10-29T13:56:49","modified_gmt":"2025-10-29T12:56:49","slug":"contacts","status":"publish","type":"page","link":"https:\/\/www.etik-innovation.com\/index.php\/contacts\/","title":{"rendered":"Contact"},"content":{"rendered":"\t\t<div data-elementor-type=\"wp-page\" data-elementor-id=\"1370\" class=\"elementor elementor-1370\">\n\t\t\t\t\t\t<section class=\"elementor-section elementor-top-section elementor-element elementor-element-8c1b6b2 elementor-section-content-middle ot-traditional elementor-section-boxed elementor-section-height-default elementor-section-height-default\" data-id=\"8c1b6b2\" data-element_type=\"section\">\n\t\t\t\t\t\t<div class=\"elementor-container elementor-column-gap-extended\">\n\t\t\t\t\t<div class=\"elementor-column elementor-col-50 elementor-top-column elementor-element elementor-element-8416bc3 ot-flex-column-vertical\" data-id=\"8416bc3\" data-element_type=\"column\">\n\t\t\t<div class=\"elementor-widget-wrap elementor-element-populated\">\n\t\t\t\t\t\t<div class=\"elementor-element elementor-element-d735292 elementor-widget elementor-widget-iheading\" data-id=\"d735292\" data-element_type=\"widget\" data-widget_type=\"iheading.default\">\n\t\t\t\t<div class=\"elementor-widget-container\">\n\t\t\t\t\t<div class=\"ot-heading\">\r\n\t        \t            <span>\/\/ Informations soci\u00e9t\u00e9<\/span>\r\n\t        <h2 class=\"main-heading\">Contact<\/h2>\t    <\/div>\r\n\t    \t\t<\/div>\n\t\t\t\t<\/div>\n\t\t\t\t<div class=\"elementor-element elementor-element-d1b9e95 elementor-widget elementor-widget-text-editor\" data-id=\"d1b9e95\" data-element_type=\"widget\" data-widget_type=\"text-editor.default\">\n\t\t\t\t<div class=\"elementor-widget-container\">\n\t\t\t\t\t\t\t<p>Appelez-nous ou venez nous rencontrer \u00e0 Technowest, nous serons ravis de vous accueillir et r\u00e9pondre \u00e0 vos questions.<\/p>\t\t\t\t\t\t<\/div>\n\t\t\t\t<\/div>\n\t\t\t\t<div class=\"elementor-element elementor-element-b59a336 elementor-widget elementor-widget-icontact_info\" data-id=\"b59a336\" data-element_type=\"widget\" data-widget_type=\"icontact_info.default\">\n\t\t\t\t<div class=\"elementor-widget-container\">\n\t\t\t\t\t\t\t\t    \t<div class=\"contact-info box-style1\">\r\n\t\t\t\t\t\t\t\t    \t\t        <i class=\"flaticon-world-globe\"><\/i>\t\t\t        <div class=\"info-text\">\r\n\t\t\t        \t<h6>Notre adresse<\/h6>\r\n\t\t\t        \t<p>Bordeaux Technowest, Bureau 328, 58 Av. Marcel Dassault, 33700 M\u00e9rignac France<br\/><br\/>\n\nSIRET : 93404684800016<br\/>\nTVA : FR94934046848<\/p>\r\n\t\t\t        <\/div>\r\n\t\t\t    <\/div>\r\n\t\t    \t    \t\t<\/div>\n\t\t\t\t<\/div>\n\t\t\t\t<div class=\"elementor-element elementor-element-4c90f57 elementor-widget elementor-widget-icontact_info\" data-id=\"4c90f57\" data-element_type=\"widget\" data-widget_type=\"icontact_info.default\">\n\t\t\t\t<div class=\"elementor-widget-container\">\n\t\t\t\t\t\t\t\t    \t<div class=\"contact-info box-style1\">\r\n\t\t\t\t\t\t\t\t    \t\t        <i class=\"flaticon-envelope\"><\/i>\t\t\t        <div class=\"info-text\">\r\n\t\t\t        \t<h6>Notre mail<\/h6>\r\n\t\t\t        \t<p>contact@etik-innovation.fr<\/p>\r\n\t\t\t        <\/div>\r\n\t\t\t    <\/div>\r\n\t\t    \t    \t\t<\/div>\n\t\t\t\t<\/div>\n\t\t\t\t<div class=\"elementor-element elementor-element-a59e635 elementor-widget elementor-widget-icontact_info\" data-id=\"a59e635\" data-element_type=\"widget\" data-widget_type=\"icontact_info.default\">\n\t\t\t\t<div class=\"elementor-widget-container\">\n\t\t\t\t\t\t\t\t    \t<div class=\"contact-info box-style1\">\r\n\t\t\t\t\t\t\t\t    \t\t        <i class=\"flaticon-phone-1\"><\/i>\t\t\t        <div class=\"info-text\">\r\n\t\t\t        \t<h6>Notre t\u00e9l\u00e9phone<\/h6>\r\n\t\t\t        \t<p>+33 6 10 09 66 14<\/p>\r\n\t\t\t        <\/div>\r\n\t\t\t    <\/div>\r\n\t\t    \t    \t\t<\/div>\n\t\t\t\t<\/div>\n\t\t\t\t\t<\/div>\n\t\t<\/div>\n\t\t\t\t<div class=\"elementor-column elementor-col-50 elementor-top-column elementor-element elementor-element-add1e18 ot-flex-column-vertical\" data-id=\"add1e18\" data-element_type=\"column\">\n\t\t\t<div class=\"elementor-widget-wrap elementor-element-populated\">\n\t\t\t\t\t\t<div class=\"elementor-element elementor-element-5c60825 elementor-widget elementor-widget-shortcode\" data-id=\"5c60825\" data-element_type=\"widget\" data-widget_type=\"shortcode.default\">\n\t\t\t\t<div class=\"elementor-widget-container\">\n\t\t\t\t\t<div class=\"elementor-shortcode\">\n<div class=\"wpcf7 no-js\" id=\"wpcf7-f1379-o1\" lang=\"en-US\" dir=\"ltr\" data-wpcf7-id=\"1379\">\n<div class=\"screen-reader-response\"><p role=\"status\" aria-live=\"polite\" aria-atomic=\"true\"><\/p> <ul><\/ul><\/div>\n<form action=\"\/index.php\/wp-json\/wp\/v2\/pages\/1370#wpcf7-f1379-o1\" method=\"post\" class=\"wpcf7-form init\" aria-label=\"Contact form\" novalidate=\"novalidate\" data-status=\"init\">\n<fieldset class=\"hidden-fields-container\"><input type=\"hidden\" name=\"_wpcf7\" value=\"1379\" \/><input type=\"hidden\" name=\"_wpcf7_version\" value=\"6.1.5\" \/><input type=\"hidden\" name=\"_wpcf7_locale\" value=\"en_US\" \/><input type=\"hidden\" name=\"_wpcf7_unit_tag\" value=\"wpcf7-f1379-o1\" \/><input type=\"hidden\" name=\"_wpcf7_container_post\" value=\"0\" \/><input type=\"hidden\" name=\"_wpcf7_posted_data_hash\" value=\"\" \/><input type=\"hidden\" name=\"_wpcf7_recaptcha_response\" value=\"\" \/>\n<\/fieldset>\n<div class=\"main-form\">\n\t<h2>Pr\u00eats \u00e0 collaborer ?\n\t<\/h2>\n\t<p class=\"font14\">Votre adresse email ne sera pas publi\u00e9e, elle ne sera conserv\u00e9e que pour reprendre contact avec vous.\n\t<\/p>\n\t<p><span class=\"wpcf7-form-control-wrap\" data-name=\"your-name\"><input size=\"40\" maxlength=\"400\" class=\"wpcf7-form-control wpcf7-text wpcf7-validates-as-required\" aria-required=\"true\" aria-invalid=\"false\" placeholder=\"Votre nom *\" value=\"\" type=\"text\" name=\"your-name\" \/><\/span>\n\t<\/p>\n\t<p><span class=\"wpcf7-form-control-wrap\" data-name=\"your-name\"><input size=\"40\" maxlength=\"400\" class=\"wpcf7-form-control wpcf7-text wpcf7-validates-as-required\" aria-required=\"true\" aria-invalid=\"false\" placeholder=\"Votre entreprise*\" value=\"\" type=\"text\" name=\"your-name\" \/><\/span>\n\t<\/p>\n\t<p><span class=\"wpcf7-form-control-wrap\" data-name=\"your-name\"><input size=\"40\" maxlength=\"400\" class=\"wpcf7-form-control wpcf7-text wpcf7-validates-as-required\" aria-required=\"true\" aria-invalid=\"false\" placeholder=\"Votre t\u00e9l\u00e9phone*\" value=\"\" type=\"text\" name=\"your-name\" \/><\/span>\n\t<\/p>\n\t<p><span class=\"wpcf7-form-control-wrap\" data-name=\"your-email\"><input size=\"40\" maxlength=\"400\" class=\"wpcf7-form-control wpcf7-email wpcf7-validates-as-required wpcf7-text wpcf7-validates-as-email\" aria-required=\"true\" aria-invalid=\"false\" placeholder=\"Votre mail *\" value=\"\" type=\"email\" name=\"your-email\" \/><\/span>\n\t<\/p>\n\t<p><span class=\"wpcf7-form-control-wrap\" data-name=\"your-message\"><textarea cols=\"40\" rows=\"10\" maxlength=\"2000\" class=\"wpcf7-form-control wpcf7-textarea\" aria-invalid=\"false\" placeholder=\"Votre Message...\" name=\"your-message\"><\/textarea><\/span>\n\t<\/p>\n\t<p><button type=\"submit\" class=\"octf-btn octf-btn-light\">Envoyer<\/button>\n\t<\/p>\n<\/div><div class=\"wpcf7-response-output\" aria-hidden=\"true\"><\/div>\n<\/form>\n<\/div>\n<\/div>\n\t\t\t\t<\/div>\n\t\t\t\t<\/div>\n\t\t\t\t\t<\/div>\n\t\t<\/div>\n\t\t\t\t\t<\/div>\n\t\t<\/section>\n\t\t\t\t<section class=\"elementor-section elementor-top-section elementor-element elementor-element-aba0bc8 elementor-section-full_width ot-traditional elementor-section-height-default elementor-section-height-default\" data-id=\"aba0bc8\" data-element_type=\"section\">\n\t\t\t\t\t\t<div class=\"elementor-container elementor-column-gap-default\">\n\t\t\t\t\t<div class=\"elementor-column elementor-col-100 elementor-top-column elementor-element elementor-element-aa84c84 ot-flex-column-vertical\" data-id=\"aa84c84\" data-element_type=\"column\">\n\t\t\t<div class=\"elementor-widget-wrap elementor-element-populated\">\n\t\t\t\t\t\t<div class=\"elementor-element elementor-element-1952363 elementor-widget elementor-widget-google_maps\" data-id=\"1952363\" data-element_type=\"widget\" data-widget_type=\"google_maps.default\">\n\t\t\t\t<div class=\"elementor-widget-container\">\n\t\t\t\t\t<div class=\"elementor-custom-embed\">\n\t\t\t<iframe loading=\"lazy\"\n\t\t\t\t\tsrc=\"https:\/\/maps.google.com\/maps?q=bordeaux%20technowest%20merignac&#038;t=m&#038;z=10&#038;output=embed&#038;iwloc=near\"\n\t\t\t\t\ttitle=\"bordeaux technowest merignac\"\n\t\t\t\t\taria-label=\"bordeaux technowest merignac\"\n\t\t\t><\/iframe>\n\t\t<\/div>\n\t\t\t\t<\/div>\n\t\t\t\t<\/div>\n\t\t\t\t\t<\/div>\n\t\t<\/div>\n\t\t\t\t\t<\/div>\n\t\t<\/section>\n\t\t\t\t<\/div>\n\t\t","protected":false},"excerpt":{"rendered":"<p>\/\/ Informations soci\u00e9t\u00e9 Contact Appelez-nous ou venez nous rencontrer \u00e0 Technowest, nous serons ravis de vous accueillir et r\u00e9pondre \u00e0 vos questions. Notre adresse Bordeaux Technowest, Bureau 328, 58 Av. Marcel Dassault, 33700 M\u00e9rignac France SIRET : 93404684800016 TVA : FR94934046848 Notre mail contact@etik-innovation.fr Notre t\u00e9l\u00e9phone +33 6 10 09 66 14<\/p>\n","protected":false},"author":1,"featured_media":0,"parent":0,"menu_order":0,"comment_status":"closed","ping_status":"closed","template":"","meta":{"footnotes":""},"class_list":["post-1370","page","type-page","status-publish","hentry"],"_links":{"self":[{"href":"https:\/\/www.etik-innovation.com\/index.php\/wp-json\/wp\/v2\/pages\/1370","targetHints":{"allow":["GET"]}}],"collection":[{"href":"https:\/\/www.etik-innovation.com\/index.php\/wp-json\/wp\/v2\/pages"}],"about":[{"href":"https:\/\/www.etik-innovation.com\/index.php\/wp-json\/wp\/v2\/types\/page"}],"author":[{"embeddable":true,"href":"https:\/\/www.etik-innovation.com\/index.php\/wp-json\/wp\/v2\/users\/1"}],"replies":[{"embeddable":true,"href":"https:\/\/www.etik-innovation.com\/index.php\/wp-json\/wp\/v2\/comments?post=1370"}],"version-history":[{"count":34,"href":"https:\/\/www.etik-innovation.com\/index.php\/wp-json\/wp\/v2\/pages\/1370\/revisions"}],"predecessor-version":[{"id":5797,"href":"https:\/\/www.etik-innovation.com\/index.php\/wp-json\/wp\/v2\/pages\/1370\/revisions\/5797"}],"wp:attachment":[{"href":"https:\/\/www.etik-innovation.com\/index.php\/wp-json\/wp\/v2\/media?parent=1370"}],"curies":[{"name":"wp","href":"https:\/\/api.w.org\/{rel}","templated":true}]}}